{"id":233,"date":"2021-02-09T18:47:23","date_gmt":"2021-02-09T17:47:23","guid":{"rendered":"https:\/\/www.altenkeramik.at\/handwerk\/?page_id=233"},"modified":"2022-08-31T12:17:18","modified_gmt":"2022-08-31T10:17:18","slug":"kontakt","status":"publish","type":"page","link":"https:\/\/www.altenkeramik.at\/handwerk\/kontakt\/","title":{"rendered":"Kontakt"},"content":{"rendered":"\n<style type=\"text\/css\" data-created_by=\"avia_inline_auto\" id=\"style-css-av-jpmw55ir-532453c70456d2cca9dd3af970e437c6\">\n.avia-section.av-jpmw55ir-532453c70456d2cca9dd3af970e437c6{\nbackground-color:#fafafc;\nbackground-image:url(https:\/\/www.altenkeramik.at\/wp-content\/uploads\/2021\/02\/Alten-Keramik-46.jpg);\nbackground-repeat:no-repeat;\nbackground-position:100% 0%;\nbackground-attachment:fixed;\n}\n.avia-section.av-jpmw55ir-532453c70456d2cca9dd3af970e437c6 .av-section-color-overlay{\nopacity:0.3;\nbackground-color:#f4f4f4;\n}\n<\/style>\n<div id='av_section_1'  class='avia-section av-jpmw55ir-532453c70456d2cca9dd3af970e437c6 main_color avia-section-small avia-no-shadow  avia-builder-el-0  el_before_av_layout_row  avia-builder-el-first  avia-bg-style-fixed av-section-color-overlay-active av-minimum-height av-minimum-height-75 av-height-75  container_wrap fullsize'  data-section-bg-repeat='no-repeat' data-av_minimum_height_pc='75' data-av_min_height_opt='75'><div class=\"av-section-color-overlay-wrap\"><div class=\"av-section-color-overlay\"><\/div><div class='container av-section-cont-open' ><main  role=\"main\" itemprop=\"mainContentOfPage\"  class='template-page content  av-content-full alpha units'><div class='post-entry post-entry-type-page post-entry-233'><div class='entry-content-wrapper clearfix'>\n\n<style type=\"text\/css\" data-created_by=\"avia_inline_auto\" id=\"style-css-av-gjg27-3bbc0875e0e482dffe7cb9e11e8636c3\">\n@keyframes av_boxShadowEffect_av-gjg27-3bbc0875e0e482dffe7cb9e11e8636c3-column {\n0%   { box-shadow:  0 0 0 0 #f9f9f9; opacity: 1; }\n100% { box-shadow:  0 0 7px 0 #f9f9f9; opacity: 1; }\n}\n.flex_column.av-gjg27-3bbc0875e0e482dffe7cb9e11e8636c3{\nbox-shadow: 0 0 7px 0 #f9f9f9;\nborder-radius:10px 10px 10px 10px;\npadding:15px 15px 15px 15px;\nbackground-color:rgba(247,247,246,0.71);\n}\n<\/style>\n<div  class='flex_column av-gjg27-3bbc0875e0e482dffe7cb9e11e8636c3 av_one_half  avia-builder-el-1  avia-builder-el-no-sibling  first flex_column_div shadow-not-animated  '     ><section  class='av_textblock_section av-jqc6eynl-e69d643f94d33fc5fe99ea456c7ad40f '   itemscope=\"itemscope\" itemtype=\"https:\/\/schema.org\/CreativeWork\" ><div class='avia_textblock'  itemprop=\"text\" ><p style=\"text-align: center; font-size: 30px;\">Sollte ich Ihr Interesse an meiner<\/p>\n<h1 style=\"text-align: center; color: #7a3e1c; font-size: 45px;\"><strong>Werkstatt f\u00fcr Keramik<br \/>\n<\/strong><\/h1>\n<p style=\"text-align: center; font-size: 30px;\">geweckt haben, w\u00fcrde ich mich \u00fcber eine Kontaktaufnahme sehr freuen.<\/p>\n<\/div><\/section><\/div>\n\n<\/div><\/div><\/main><!-- close content main element --><\/div><\/div><\/div><div id='av-layout-grid-1'  class='av-layout-grid-container av-he9pd-77d11f7eeae8d91b021618aa4b8fdea5 entry-content-wrapper main_color av-border-top-bottom av-border-cells av-flex-cells  avia-builder-el-3  el_after_av_section  avia-builder-el-last  grid-row-not-first  container_wrap fullsize'  >\n\n<style type=\"text\/css\" data-created_by=\"avia_inline_auto\" id=\"style-css-av-klmj59tl-b17f405b7ea6cf756702756ee22d4920\">\n.flex_cell.av-klmj59tl-b17f405b7ea6cf756702756ee22d4920{\nvertical-align:middle;\nbackground-color:#6d7276;\n}\n.responsive #top #wrap_all .flex_cell.av-klmj59tl-b17f405b7ea6cf756702756ee22d4920{\npadding:30px 30px 30px 30px !important;\n}\n<\/style>\n<div class='flex_cell av-klmj59tl-b17f405b7ea6cf756702756ee22d4920 av-gridrow-cell av_one_half no_margin  avia-builder-el-4  el_before_av_cell_one_half  avia-builder-el-first '  ><div class='flex_cell_inner'>\n<style type=\"text\/css\" data-created_by=\"avia_inline_auto\" id=\"style-css-av-kllzlll5-9884c37b8f5ed98283c166ba172e8e8c\">\n.avia-icon-grid-container.av-kllzlll5-9884c37b8f5ed98283c166ba172e8e8c .avia-icongrid{\njustify-content:space-between;\n}\n.avia-icon-grid-container.av-kllzlll5-9884c37b8f5ed98283c166ba172e8e8c .avia-icongrid-wrapper .avia-icongrid-icon{\nfont-size:40px;\ncolor:#ffffff;\n}\n.avia-icon-grid-container.av-kllzlll5-9884c37b8f5ed98283c166ba172e8e8c .avia-icongrid-wrapper .icongrid_title{\nfont-size:20px;\ncolor:#7a3e1c;\n}\n.avia-icon-grid-container.av-kllzlll5-9884c37b8f5ed98283c166ba172e8e8c .avia-icongrid-wrapper .icongrid_subtitle{\nfont-size:16px;\n}\n.avia-icon-grid-container.av-kllzlll5-9884c37b8f5ed98283c166ba172e8e8c .avia-icongrid-wrapper .avia-icongrid-content .avia-icongrid-text{\ncolor:#6b5e5a;\n}\n.avia-icon-grid-container.av-kllzlll5-9884c37b8f5ed98283c166ba172e8e8c .avia-icongrid-wrapper .avia-icongrid-flipback .avia-icongrid-text{\ncolor:#6b5e5a;\n}\n<\/style>\n<div  class='avia-icon-grid-container av-kllzlll5-9884c37b8f5ed98283c166ba172e8e8c  avia-builder-el-5  avia-builder-el-no-sibling ' ><ul id='avia-icongrid-69e386960b027' class='avia-icongrid clearfix avia_animate_when_almost_visible avia-icongrid-tooltip avia-icongrid-numrow-3 avia-cell-space-between av-flex-cells av-break-767 av-can-break-50'>\n<li class='av-icon-cell-item av-row-with-3-cells av-row-nr-1 av-cell-1 av-first-cell-row av-first-cell-item'><div class='avia-icongrid-wrapper av-6l0l5-bafda02b2f92a70f13a4eca524e6220f'><article class='article-icon-entry '  itemscope=\"itemscope\" itemtype=\"https:\/\/schema.org\/CreativeWork\" ><div class='avia-icongrid-front '><div class=\"avia-icongrid-inner\"><div class='avia-icongrid-icon avia-font-entypo-fontello'><span class='icongrid-char' aria-hidden='true' data-av_icon='\ue80b' data-av_iconfont='entypo-fontello'><\/span><\/div><header class=\"entry-content-header\"><h4 class='av_icongrid_title icongrid_title '  itemprop=\"headline\" >Kontakt<\/h4><h6 class='av_icongrid_subtitle icongrid_subtitle' ><p>Werkstatt f\u00fcr Keramik<\/p>\n<\/h6><\/header><\/div><\/div><div class='avia-icongrid-content' data-class-flipback=''><div class=\"avia-icongrid-inner\"><div class='avia-icongrid-text'  itemprop=\"text\" ><p>Peter Alten<br \/>\n9710 Feistritz\/Drau<br \/>\nRubland 7<br \/>\nK\u00e4rnten \/ \u00d6sterreich<\/p>\n<p><a href=\"https:\/\/goo.gl\/maps\/SxDp3Gycf6GTKBPaA\"><em>Navigation<\/em><\/a><\/p>\n<\/div><\/div><\/div><\/article><\/div><\/li>\n<li class='av-icon-cell-item av-row-with-3-cells av-row-nr-1 av-cell-2 av-first-cell-row av-inner-cell-item'><div class='avia-icongrid-wrapper av-8orft-ff8ffc8bfe46117352adf24e666dd3c4'><article class='article-icon-entry '  itemscope=\"itemscope\" itemtype=\"https:\/\/schema.org\/CreativeWork\" ><div class='avia-icongrid-front '><div class=\"avia-icongrid-inner\"><div class='avia-icongrid-icon avia-font-entypo-fontello'><span class='icongrid-char' aria-hidden='true' data-av_icon='\ue83a' data-av_iconfont='entypo-fontello'><\/span><\/div><header class=\"entry-content-header\"><h4 class='av_icongrid_title icongrid_title '  itemprop=\"headline\" >Mail<\/h4><h6 class='av_icongrid_subtitle icongrid_subtitle' ><p>peter@altenkeramik.at<\/p>\n<\/h6><\/header><\/div><\/div><div class='avia-icongrid-content' data-class-flipback=''><div class=\"avia-icongrid-inner\"><div class='avia-icongrid-text'  itemprop=\"text\" ><p>peter@<wbr \/>alten<wbr \/>keramik.at<\/p>\n<\/div><\/div><\/div><\/article><\/div><\/li>\n<li class='av-icon-cell-item av-row-with-3-cells av-row-nr-1 av-cell-3 av-first-cell-row av-last-cell-item'><div class='avia-icongrid-wrapper av-aqhrd-7b73a1ec951435384f77cf73f0291ff8'><article class='article-icon-entry '  itemscope=\"itemscope\" itemtype=\"https:\/\/schema.org\/CreativeWork\" ><div class='avia-icongrid-front '><div class=\"avia-icongrid-inner\"><div class='avia-icongrid-icon avia-font-entypo-fontello'><span class='icongrid-char' aria-hidden='true' data-av_icon='\ue8b1' data-av_iconfont='entypo-fontello'><\/span><\/div><header class=\"entry-content-header\"><h4 class='av_icongrid_title icongrid_title '  itemprop=\"headline\" >Internet<\/h4><h6 class='av_icongrid_subtitle icongrid_subtitle' ><p>www.altenkeramik.at<\/p>\n<\/h6><\/header><\/div><\/div><div class='avia-icongrid-content' data-class-flipback=''><div class=\"avia-icongrid-inner\"><div class='avia-icongrid-text'  itemprop=\"text\" ><p><a href=\"..\/\">www.<wbr \/>alten<wbr \/>keramik<wbr \/>.at<\/a><\/p>\n<\/div><\/div><\/div><\/article><\/div><\/li>\n<li class='av-icon-cell-item av-row-with-3-cells av-row-nr-2 av-cell-1 av-next-cell-row av-first-cell-item'><div class='avia-icongrid-wrapper av-8kbpt-90f27638adf3b4914062fe1b491cae6b'><article class='article-icon-entry '  itemscope=\"itemscope\" itemtype=\"https:\/\/schema.org\/CreativeWork\" ><div class='avia-icongrid-front '><div class=\"avia-icongrid-inner\"><div class='avia-icongrid-icon avia-font-entypo-fontello'><span class='icongrid-char' aria-hidden='true' data-av_icon='\ue854' data-av_iconfont='entypo-fontello'><\/span><\/div><header class=\"entry-content-header\"><h4 class='av_icongrid_title icongrid_title '  itemprop=\"headline\" >Telefon<\/h4><h6 class='av_icongrid_subtitle icongrid_subtitle' ><p>+43 664 44 96 018<\/p>\n<\/h6><\/header><\/div><\/div><div class='avia-icongrid-content' data-class-flipback=''><div class=\"avia-icongrid-inner\"><div class='avia-icongrid-text'  itemprop=\"text\" ><p>+43 664 44 96 018<\/p>\n<\/div><\/div><\/div><\/article><\/div><\/li>\n<li class='av-icon-cell-item av-row-with-3-cells av-row-nr-2 av-cell-2 av-next-cell-row av-inner-cell-item'><div class='avia-icongrid-wrapper av-9w561-a4e516391914275474c01ef104dc33d8'><article class='article-icon-entry '  itemscope=\"itemscope\" itemtype=\"https:\/\/schema.org\/CreativeWork\" ><div class='avia-icongrid-front '><div class=\"avia-icongrid-inner\"><div class='avia-icongrid-icon avia-font-entypo-fontello'><span class='icongrid-char' aria-hidden='true' data-av_icon='\ue80e' data-av_iconfont='entypo-fontello'><\/span><\/div><header class=\"entry-content-header\"><h4 class='av_icongrid_title icongrid_title '  itemprop=\"headline\" >Schaufenster<\/h4><h6 class='av_icongrid_subtitle icongrid_subtitle' ><p>Fotos<\/p>\n<\/h6><\/header><\/div><\/div><div class='avia-icongrid-content' data-class-flipback=''><div class=\"avia-icongrid-inner\"><div class='avia-icongrid-text'  itemprop=\"text\" ><p><a href=\"https:\/\/www.altenkeramik.at\/handwerk\/home\/#fenster\">Fotos meiner Arbeiten<\/a><\/p>\n<\/div><\/div><\/div><\/article><\/div><\/li>\n<li class='av-icon-cell-item av-row-with-3-cells av-row-nr-2 av-cell-3 av-next-cell-row av-last-cell-item'><a href='https:\/\/www.altenkeramik.at\/handwerk\/portrait\/' title='Peter Alten'  class='avia-icongrid-wrapper av-7bnox-d1f543be4b304d94024912f057ec6930'><article class='article-icon-entry '  itemscope=\"itemscope\" itemtype=\"https:\/\/schema.org\/CreativeWork\" ><div class='avia-icongrid-front '><div class=\"avia-icongrid-inner\"><div class='avia-icongrid-icon avia-font-entypo-fontello'><span class='icongrid-char' aria-hidden='true' data-av_icon='\ue840' data-av_iconfont='entypo-fontello'><\/span><\/div><header class=\"entry-content-header\"><h4 class='av_icongrid_title icongrid_title '  itemprop=\"headline\" >Peter Alten<\/h4><h6 class='av_icongrid_subtitle icongrid_subtitle' ><p>Biografie<\/p>\n<\/h6><\/header><\/div><\/div><div class='avia-icongrid-content' data-class-flipback=''><div class=\"avia-icongrid-inner\"><div class='avia-icongrid-text'  itemprop=\"text\" ><p>Infos \u00fcber mich<\/p>\n<\/div><\/div><\/div><\/article><\/a><\/li>\n<\/ul><\/div>\n<\/div><\/div>\n<style type=\"text\/css\" data-created_by=\"avia_inline_auto\" id=\"style-css-av-7gs3t-56bc27f68626f827d3d3cc7690b397ad\">\n.flex_cell.av-7gs3t-56bc27f68626f827d3d3cc7690b397ad{\nvertical-align:top;\n}\n.responsive #top #wrap_all .flex_cell.av-7gs3t-56bc27f68626f827d3d3cc7690b397ad{\npadding:0px 0px 0px 0px !important;\n}\n<\/style>\n<div class='flex_cell av-7gs3t-56bc27f68626f827d3d3cc7690b397ad av-gridrow-cell av_one_half no_margin  avia-builder-el-6  el_after_av_cell_one_half  avia-builder-el-last '  ><div class='flex_cell_inner'><div  class='av_gmaps_sc_main_wrap av_gmaps_main_wrap '><div id='av_gmap_0' class='avia-google-map-container avia-google-map-sc av_gmaps_show_delayed av-no-fallback-img ' data-mapid='av_gmap_0'  style='height: 800px;'><a class=\"av_gmaps_browser_disabled av_text_confirm_link av_text_confirm_link_visible\" href=\"https:\/\/www.google.com\/maps\/search\/?api=1&#038;query=Rubland%207%209710%20Feistritz\/Drau\" target=\"_blank\" rel=\"noopener\">Aufgrund deiner Datenschutz-Einstellungen k\u00f6nnen wir Ihnen die Karte nicht anzeigen. Klicken Sie hier, um die Karte in einem neuen Fenster zu \u00f6ffnen.<\/a><a href=\"#\" class=\"av_gmaps_confirm_link av_text_confirm_link av_text_confirm_link_visible\"><span>Klicken Sie, um Google Maps zu laden<\/span><\/a><\/div><\/div>\n<\/div><\/div><\/div>\n","protected":false},"excerpt":{"rendered":"","protected":false},"author":1,"featured_media":0,"parent":0,"menu_order":0,"comment_status":"closed","ping_status":"closed","template":"","meta":{"footnotes":""},"class_list":["post-233","page","type-page","status-publish","hentry"],"yoast_head":"<!-- This site is optimized with the Yoast SEO plugin v26.8 - https:\/\/yoast.com\/product\/yoast-seo-wordpress\/ -->\n<title>Kontakt - Keramik von Alten Peter<\/title>\n<meta name=\"description\" content=\"Willkommen in der Werkstatt f\u00fcr Keramik von Peter Alten in K\u00e4rnten. Schwerpunkte sind formsch\u00f6ne Gebrauchskeramik, Bodenvasen, Brettspiele und vieles mehr.\" \/>\n<meta name=\"robots\" content=\"index, follow, max-snippet:-1, max-image-preview:large, max-video-preview:-1\" \/>\n<link rel=\"canonical\" href=\"https:\/\/www.altenkeramik.at\/handwerk\/kontakt\/\" \/>\n<meta property=\"og:locale\" content=\"de_DE\" \/>\n<meta property=\"og:type\" content=\"article\" \/>\n<meta property=\"og:title\" content=\"Kontakt - Keramik von Alten Peter\" \/>\n<meta property=\"og:description\" content=\"Willkommen in der Werkstatt f\u00fcr Keramik von Peter Alten in K\u00e4rnten. Schwerpunkte sind formsch\u00f6ne Gebrauchskeramik, Bodenvasen, Brettspiele und vieles mehr.\" \/>\n<meta property=\"og:url\" content=\"https:\/\/www.altenkeramik.at\/handwerk\/kontakt\/\" \/>\n<meta property=\"og:site_name\" content=\"Keramik von Alten Peter\" \/>\n<meta property=\"article:modified_time\" content=\"2022-08-31T10:17:18+00:00\" \/>\n<meta name=\"twitter:card\" content=\"summary_large_image\" \/>\n<meta name=\"twitter:label1\" content=\"Gesch\u00e4tzte Lesezeit\" \/>\n\t<meta name=\"twitter:data1\" content=\"3\u00a0Minuten\" \/>\n<script type=\"application\/ld+json\" class=\"yoast-schema-graph\">{\"@context\":\"https:\/\/schema.org\",\"@graph\":[{\"@type\":\"WebPage\",\"@id\":\"https:\/\/www.altenkeramik.at\/handwerk\/kontakt\/\",\"url\":\"https:\/\/www.altenkeramik.at\/handwerk\/kontakt\/\",\"name\":\"Kontakt - Keramik von Alten Peter\",\"isPartOf\":{\"@id\":\"https:\/\/www.altenkeramik.at\/handwerk\/#website\"},\"datePublished\":\"2021-02-09T17:47:23+00:00\",\"dateModified\":\"2022-08-31T10:17:18+00:00\",\"description\":\"Willkommen in der Werkstatt f\u00fcr Keramik von Peter Alten in K\u00e4rnten. Schwerpunkte sind formsch\u00f6ne Gebrauchskeramik, Bodenvasen, Brettspiele und vieles mehr.\",\"breadcrumb\":{\"@id\":\"https:\/\/www.altenkeramik.at\/handwerk\/kontakt\/#breadcrumb\"},\"inLanguage\":\"de\",\"potentialAction\":[{\"@type\":\"ReadAction\",\"target\":[\"https:\/\/www.altenkeramik.at\/handwerk\/kontakt\/\"]}]},{\"@type\":\"BreadcrumbList\",\"@id\":\"https:\/\/www.altenkeramik.at\/handwerk\/kontakt\/#breadcrumb\",\"itemListElement\":[{\"@type\":\"ListItem\",\"position\":1,\"name\":\"Startseite\",\"item\":\"https:\/\/www.altenkeramik.at\/handwerk\/\"},{\"@type\":\"ListItem\",\"position\":2,\"name\":\"Kontakt\"}]},{\"@type\":\"WebSite\",\"@id\":\"https:\/\/www.altenkeramik.at\/handwerk\/#website\",\"url\":\"https:\/\/www.altenkeramik.at\/handwerk\/\",\"name\":\"Keramik von Alten Peter\",\"description\":\"Werkstatt f\u00fcr Keramik\",\"potentialAction\":[{\"@type\":\"SearchAction\",\"target\":{\"@type\":\"EntryPoint\",\"urlTemplate\":\"https:\/\/www.altenkeramik.at\/handwerk\/?s={search_term_string}\"},\"query-input\":{\"@type\":\"PropertyValueSpecification\",\"valueRequired\":true,\"valueName\":\"search_term_string\"}}],\"inLanguage\":\"de\"}]}<\/script>\n<!-- \/ Yoast SEO plugin. -->","yoast_head_json":{"title":"Kontakt - Keramik von Alten Peter","description":"Willkommen in der Werkstatt f\u00fcr Keramik von Peter Alten in K\u00e4rnten. Schwerpunkte sind formsch\u00f6ne Gebrauchskeramik, Bodenvasen, Brettspiele und vieles mehr.","robots":{"index":"index","follow":"follow","max-snippet":"max-snippet:-1","max-image-preview":"max-image-preview:large","max-video-preview":"max-video-preview:-1"},"canonical":"https:\/\/www.altenkeramik.at\/handwerk\/kontakt\/","og_locale":"de_DE","og_type":"article","og_title":"Kontakt - Keramik von Alten Peter","og_description":"Willkommen in der Werkstatt f\u00fcr Keramik von Peter Alten in K\u00e4rnten. Schwerpunkte sind formsch\u00f6ne Gebrauchskeramik, Bodenvasen, Brettspiele und vieles mehr.","og_url":"https:\/\/www.altenkeramik.at\/handwerk\/kontakt\/","og_site_name":"Keramik von Alten Peter","article_modified_time":"2022-08-31T10:17:18+00:00","twitter_card":"summary_large_image","twitter_misc":{"Gesch\u00e4tzte Lesezeit":"3\u00a0Minuten"},"schema":{"@context":"https:\/\/schema.org","@graph":[{"@type":"WebPage","@id":"https:\/\/www.altenkeramik.at\/handwerk\/kontakt\/","url":"https:\/\/www.altenkeramik.at\/handwerk\/kontakt\/","name":"Kontakt - Keramik von Alten Peter","isPartOf":{"@id":"https:\/\/www.altenkeramik.at\/handwerk\/#website"},"datePublished":"2021-02-09T17:47:23+00:00","dateModified":"2022-08-31T10:17:18+00:00","description":"Willkommen in der Werkstatt f\u00fcr Keramik von Peter Alten in K\u00e4rnten. Schwerpunkte sind formsch\u00f6ne Gebrauchskeramik, Bodenvasen, Brettspiele und vieles mehr.","breadcrumb":{"@id":"https:\/\/www.altenkeramik.at\/handwerk\/kontakt\/#breadcrumb"},"inLanguage":"de","potentialAction":[{"@type":"ReadAction","target":["https:\/\/www.altenkeramik.at\/handwerk\/kontakt\/"]}]},{"@type":"BreadcrumbList","@id":"https:\/\/www.altenkeramik.at\/handwerk\/kontakt\/#breadcrumb","itemListElement":[{"@type":"ListItem","position":1,"name":"Startseite","item":"https:\/\/www.altenkeramik.at\/handwerk\/"},{"@type":"ListItem","position":2,"name":"Kontakt"}]},{"@type":"WebSite","@id":"https:\/\/www.altenkeramik.at\/handwerk\/#website","url":"https:\/\/www.altenkeramik.at\/handwerk\/","name":"Keramik von Alten Peter","description":"Werkstatt f\u00fcr Keramik","potentialAction":[{"@type":"SearchAction","target":{"@type":"EntryPoint","urlTemplate":"https:\/\/www.altenkeramik.at\/handwerk\/?s={search_term_string}"},"query-input":{"@type":"PropertyValueSpecification","valueRequired":true,"valueName":"search_term_string"}}],"inLanguage":"de"}]}},"_links":{"self":[{"href":"https:\/\/www.altenkeramik.at\/handwerk\/wp-json\/wp\/v2\/pages\/233","targetHints":{"allow":["GET"]}}],"collection":[{"href":"https:\/\/www.altenkeramik.at\/handwerk\/wp-json\/wp\/v2\/pages"}],"about":[{"href":"https:\/\/www.altenkeramik.at\/handwerk\/wp-json\/wp\/v2\/types\/page"}],"author":[{"embeddable":true,"href":"https:\/\/www.altenkeramik.at\/handwerk\/wp-json\/wp\/v2\/users\/1"}],"replies":[{"embeddable":true,"href":"https:\/\/www.altenkeramik.at\/handwerk\/wp-json\/wp\/v2\/comments?post=233"}],"version-history":[{"count":114,"href":"https:\/\/www.altenkeramik.at\/handwerk\/wp-json\/wp\/v2\/pages\/233\/revisions"}],"predecessor-version":[{"id":642,"href":"https:\/\/www.altenkeramik.at\/handwerk\/wp-json\/wp\/v2\/pages\/233\/revisions\/642"}],"wp:attachment":[{"href":"https:\/\/www.altenkeramik.at\/handwerk\/wp-json\/wp\/v2\/media?parent=233"}],"curies":[{"name":"wp","href":"https:\/\/api.w.org\/{rel}","templated":true}]}}